{"id":1746,"date":"2021-06-08T08:10:34","date_gmt":"2021-06-08T08:10:34","guid":{"rendered":"http:\/\/halavietnam.com.vn\/?post_type=product&#038;p=1746"},"modified":"2025-08-24T12:38:31","modified_gmt":"2025-08-24T12:38:31","slug":"combo-100-hop-carton-3-lop","status":"publish","type":"product","link":"https:\/\/halavietnam.com.vn\/?product=combo-100-hop-carton-3-lop","title":{"rendered":"Combo 100 h\u1ed9p carton 3 l\u1edbp"},"content":{"rendered":"<p style=\"text-align: justify;\"><strong><span style=\"color: #000000; font-size: 120%;\">1. Th\u00f4ng s\u1ed1 k\u1ef9 thu\u1eadt<\/span><\/strong><br \/>\n<span style=\"color: #000000; font-size: 120%;\">\u2022 B\u1ed9 s\u1ea3n ph\u1ea9m bao g\u1ed3m: Combo 100 h\u1ed9p carton 3 l\u1edbp<\/span><br \/>\n<span style=\"color: #000000; font-size: 120%;\">\u2022 Quy c\u00e1ch : 25x25x10 cm<\/span><br \/>\n<span style=\"color: #000000; font-size: 120%;\">\u2022 Ch\u1ea5t li\u1ec7u: carton s\u00f3ng B 3 l\u1edbp<\/span><br \/>\n<span style=\"color: #000000; font-size: 120%;\">\u2022 C\u00f4ng d\u1ee5ng: H\u1ed9p gi\u1ea5y carton \u0111\u00f3ng g\u00f3i c\u00e1c s\u1ea3n ph\u1ea9m H\u1ed9p \u0111\u1ef1ng \u0111a d\u1ee5ng, cho nhi\u1ec1u lo\u1ea1i s\u1ea3n ph\u1ea9m<\/span><br \/>\n<span style=\"color: #000000; font-size: 120%;\">S\u1ea3n ph\u1ea9m c\u00f3 h\u1ed9p lo\u1ea1i to:<\/span><br \/>\n<span style=\"color: #000000; font-size: 120%;\">&#8211; H\u00e0ng gia \u0111\u00ecnh: m\u00e1y s\u1ea5y, m\u00e1y<\/span><br \/>\n<span style=\"color: #000000; font-size: 120%;\">&#8211; M\u00e1y quay phim, m\u00e1y \u1ea3nh<\/span><br \/>\n<span style=\"color: #000000; font-size: 120%;\">&#8211; Combo nhi\u1ec1u qu\u1ea7n \u00e1o<\/span><br \/>\n<span style=\"color: #000000; font-size: 120%;\">&#8211; Combo m\u1ef9 ph\u1ea9m<\/span><br \/>\n<span style=\"color: #000000; font-size: 120%;\">&#8211; T\u00fai x\u00e1ch nh\u1ecf<\/span><\/p>\n<p><img fetchpriority=\"high\" decoding=\"async\" class=\"aligncenter wp-image-1731 size-full\" src=\"http:\/\/halavietnam.com.vn\/wp-content\/uploads\/2021\/06\/unnamed.png\" alt=\"\" width=\"512\" height=\"512\" srcset=\"https:\/\/halavietnam.com.vn\/wp-content\/uploads\/2021\/06\/unnamed.png 512w, https:\/\/halavietnam.com.vn\/wp-content\/uploads\/2021\/06\/unnamed-100x100.png 100w, https:\/\/halavietnam.com.vn\/wp-content\/uploads\/2021\/06\/unnamed-420x420.png 420w, https:\/\/halavietnam.com.vn\/wp-content\/uploads\/2021\/06\/unnamed-400x400.png 400w, https:\/\/halavietnam.com.vn\/wp-content\/uploads\/2021\/06\/unnamed-280x280.png 280w\" sizes=\"(max-width: 512px) 100vw, 512px\" \/> <img decoding=\"async\" class=\"aligncenter wp-image-1730 size-full\" src=\"http:\/\/halavietnam.com.vn\/wp-content\/uploads\/2021\/06\/unnamed.jpg\" alt=\"\" width=\"512\" height=\"395\" \/> <img decoding=\"async\" class=\"aligncenter wp-image-1729 size-full\" src=\"http:\/\/halavietnam.com.vn\/wp-content\/uploads\/2021\/06\/thung-carton-3-lop-6464-1.jpg\" alt=\"\" width=\"500\" height=\"400\" \/> <img loading=\"lazy\" decoding=\"async\" class=\"aligncenter wp-image-1727 size-full\" src=\"http:\/\/halavietnam.com.vn\/wp-content\/uploads\/2021\/06\/dia-chi-mua-thung-carton-61.jpg\" alt=\"\" width=\"1280\" height=\"754\" srcset=\"https:\/\/halavietnam.com.vn\/wp-content\/uploads\/2021\/06\/dia-chi-mua-thung-carton-61.jpg 1280w, https:\/\/halavietnam.com.vn\/wp-content\/uploads\/2021\/06\/dia-chi-mua-thung-carton-61-600x353.jpg 600w, https:\/\/halavietnam.com.vn\/wp-content\/uploads\/2021\/06\/dia-chi-mua-thung-carton-61-679x400.jpg 679w, https:\/\/halavietnam.com.vn\/wp-content\/uploads\/2021\/06\/dia-chi-mua-thung-carton-61-768x452.jpg 768w\" sizes=\"(max-width: 1280px) 100vw, 1280px\" \/><\/p>\n<p style=\"text-align: justify;\"><strong><span style=\"color: #000000; font-size: 120%;\">2. Ti\u00eau chu\u1ea9n s\u1ea3n ph\u1ea9m:<\/span><\/strong><br \/>\n<span style=\"color: #000000; font-size: 120%;\">\u2022 L\u00e0 s\u1ea3n ph\u1ea9m b\u1eb1ng ch\u1ea5t li\u1ec7u carton 3 l\u1edbp s\u00f3ng B c\u00f3 \u0111\u1ed9 c\u1ee9ng, b\u1ec1n, ch\u1ecbu l\u1ef1c, r\u1ea5t th\u00edch h\u1ee3p \u0111\u1ec3 \u0111\u00f3ng g\u00f3i h\u00e0ng h\u00f3a g\u1ecdn nh\u1eb9.<\/span><br \/>\n<span style=\"color: #000000; font-size: 120%;\">\u2022 R\u1ea5t th\u00edch h\u1ee3p cho vi\u1ec7c g\u1eedi h\u00e0ng qua h\u00ecnh th\u1ee9c COD do c\u00f3 b\u1ea3ng \u0111i\u1ec1n th\u00f4ng tin g\u1eedi h\u00e0ng (ng\u01b0\u1eddi g\u1eedi \u2013 ng\u01b0\u1eddi nh\u1eadn) b\u00ean ngo\u00e0i v\u1ecf h\u1ed9p.<\/span><br \/>\n<span style=\"color: #000000; font-size: 120%;\">\u2022 S\u1eed d\u1ee5ng \u0111\u01b0\u1ee3c cho nhi\u1ec1u n\u1ea5c v\u1eadn chuy\u1ec3n nh\u01b0 250gr, 500gr, 1000gr<\/span><br \/>\n<span style=\"color: #000000; font-size: 120%;\">\u2022 Ph\u00f9 h\u1ee3p v\u1edbi c\u00e1c ti\u00eau chu\u1ea9n c\u1ee7a b\u00ean v\u1eadn chuy\u1ec3n nh\u01b0: Vnpost-b\u01b0u \u0111i\u1ec7n, viettel post, giaohangnhanh, giaohangtietkiem\u2026 <\/span><br \/>\n<span style=\"color: #000000; font-size: 120%;\">\u2022 Mang \u0111\u1ebfn cho kh\u00e1ch h\u00e0ng s\u1ef1 ti\u1ec7n d\u1ee5ng, quy chu\u1ea9n h\u00f3a vi\u1ec7c \u0111\u00f3ng g\u00f3i h\u00e0ng.<\/span><br \/>\n<span style=\"color: #000000; font-size: 120%;\">\u2022 Ho\u00e0n to\u00e0n s\u1eed d\u1ee5ng ch\u1ea5t li\u1ec7u thi\u00ean thi\u1ec7n m\u00f4i tr\u01b0\u1eddng, kh\u00e1ch h\u00e0ng c\u00f3 th\u1ec3 d\u00f9ng v\u00e0o nh\u1eefng m\u1ee5c \u0111\u00edch kh\u00e1c nhau t\u00f9y m\u1ee5c \u0111\u00edch s\u1eed d\u1ee5ng.<\/span><br \/>\n<span style=\"color: #000000; font-size: 120%;\">\u2022 \u0110\u1ea3m b\u1ea3o h\u00e0ng h\u00f3a \u0111\u01b0\u1ee3c b\u1ea3o v\u1ec7 an to\u00e0n trong qu\u00e1 tr\u00ecnh giao hang<\/span><br \/>\n<span style=\"color: #000000; font-size: 120%;\">\u2022 \u0110em l\u1ea1i tr\u1ea3i nghi\u1ec7m t\u1ed1t nh\u1ea5t cho Kh\u00e1ch hang<\/span><br \/>\n<strong><span style=\"color: #000000; font-size: 120%;\">3. S\u1ea3n xu\u1ea5t th\u00f9ng carton ki\u1ec3u d\u00e1ng: 25x25x10 cm theo y\u00eau c\u1ea7u<\/span><\/strong><br \/>\n<span style=\"color: #000000; font-size: 120%;\">&#8211; S\u1ed1 l\u01b0\u1ee3ng t\u1ed1i thi\u1ec3u 500 h\u1ed9p gi\u1ea5y carton<\/span><br \/>\n<span style=\"color: #000000; font-size: 120%;\">&#8211; Mi\u1ec5n ph\u00ed v\u1eadn chuy\u1ec3n d\u01b0\u1edbi 10km<\/span><br \/>\n<span style=\"color: #000000; font-size: 120%;\">&#8211; Th\u1eddi gian s\u1ea3n xu\u1ea5t t\u1eeb 7 \u0111\u1ebfn 10 ng\u00e0y<\/span><br \/>\n<strong><span style=\"color: #000000; font-size: 120%;\">4. Mua s\u1ea3n ph\u1ea9m t\u1ea1i Hala Vi\u1ec7t Nam:<\/span><\/strong><br \/>\n<span style=\"color: #000000; font-size: 120%;\">Hala l\u00e0 \u0111\u1ecba ch\u1ec9 uy t\u00edn, \u0111\u00e1ng tin c\u1eady, \u0111\u01b0\u1ee3c nhi\u1ec1u kh\u00e1ch h\u00e0ng l\u1ef1a ch\u1ecdn mua c\u00e1c ph\u1ee5 ki\u1ec7n \u0111\u00f3ng g\u00f3i h\u00e0ng h\u00f3a. S\u1ea3n ph\u1ea9m c\u1ee7a Hala \u0111\u1ec1u \u0111\u01b0\u1ee3c s\u1eed d\u1ee5ng v\u1edbi nh\u1eefng v\u1eadt li\u1ec7u th\u00e2n thi\u1ec7n, an to\u00e0n cho ng\u01b0\u1eddi d\u00f9ng. S\u1eed d\u1ee5ng h\u1ed9p carton Hala Vi\u1ec7t Nam, b\u1ea1n s\u1ebd an t\u00e2m v\u1ec1 ch\u1ea5t l\u01b0\u1ee3ng, d\u1ecbch v\u1ee5 tuy\u1ec7t v\u1eddi m\u00e0 gi\u00e1 th\u00e0nh v\u00f4 c\u00f9ng h\u1ee3p l\u00fd. N\u1ebfu \u0111ang quan t\u00e2m mua th\u00f9ng carton, h\u1ed9p carton gi\u00e1 r\u1ebb, h\u00e3y li\u00ean h\u1ec7 ngay \u0111\u1ec3 nh\u1eadn t\u01b0 v\u1ea5n.<\/span><br \/>\n<span style=\"color: #0000ff;\"><strong><span style=\"font-size: 120%;\">C\u00d4NG TY C\u1ed4 PH\u1ea6N HALA VI\u1ec6T NAM<\/span><\/strong><\/span><br \/>\n<span style=\"color: #ff0000;\"><strong><span style=\"font-size: 120%;\"> \u2022 Hotline: 0987.291.070<\/span><\/strong><\/span><br \/>\n<strong><span style=\"color: #000000; font-size: 120%;\">\u2022 Email: <span style=\"color: #0000ff;\">halahalavietnam@gmail.com<\/span><\/span><\/strong><br \/>\n<strong><span style=\"color: #000000; font-size: 120%;\">\u2022 Website: <span style=\"color: #0000ff;\">https:\/\/halavietnam.com.vn<\/span><\/span><\/strong><\/p>\n","protected":false},"excerpt":{"rendered":"<p>1. Th\u00f4ng s\u1ed1 k\u1ef9 thu\u1eadt \u2022 B\u1ed9 s\u1ea3n ph\u1ea9m bao g\u1ed3m: Combo 100 h\u1ed9p carton 3 l\u1edbp \u2022 Quy c\u00e1ch : 25x25x10 cm \u2022 Ch\u1ea5t li\u1ec7u: carton s\u00f3ng B 3 l\u1edbp \u2022 C\u00f4ng d\u1ee5ng: H\u1ed9p gi\u1ea5y carton \u0111\u00f3ng g\u00f3i c\u00e1c s\u1ea3n ph\u1ea9m H\u1ed9p \u0111\u1ef1ng \u0111a d\u1ee5ng, cho nhi\u1ec1u lo\u1ea1i s\u1ea3n ph\u1ea9m S\u1ea3n ph\u1ea9m c\u00f3 h\u1ed9p [&hellip;]<\/p>\n","protected":false},"featured_media":1727,"comment_status":"open","ping_status":"closed","template":"","meta":{"ocean_post_layout":"","ocean_both_sidebars_style":"","ocean_both_sidebars_content_width":0,"ocean_both_sidebars_sidebars_width":0,"ocean_sidebar":"","ocean_second_sidebar":"","ocean_disable_margins":"enable","ocean_add_body_class":"","ocean_shortcode_before_top_bar":"","ocean_shortcode_after_top_bar":"","ocean_shortcode_before_header":"","ocean_shortcode_after_header":"","ocean_has_shortcode":"","ocean_shortcode_after_title":"","ocean_shortcode_before_footer_widgets":"","ocean_shortcode_after_footer_widgets":"","ocean_shortcode_before_footer_bottom":"","ocean_shortcode_after_footer_bottom":"","ocean_display_top_bar":"default","ocean_display_header":"default","ocean_header_style":"","ocean_center_header_left_menu":"","ocean_custom_header_template":"","ocean_custom_logo":0,"ocean_custom_retina_logo":0,"ocean_custom_logo_max_width":0,"ocean_custom_logo_tablet_max_width":0,"ocean_custom_logo_mobile_max_width":0,"ocean_custom_logo_max_height":0,"ocean_custom_logo_tablet_max_height":0,"ocean_custom_logo_mobile_max_height":0,"ocean_header_custom_menu":"","ocean_menu_typo_font_family":"","ocean_menu_typo_font_subset":"","ocean_menu_typo_font_size":0,"ocean_menu_typo_font_size_tablet":0,"ocean_menu_typo_font_size_mobile":0,"ocean_menu_typo_font_size_unit":"px","ocean_menu_typo_font_weight":"","ocean_menu_typo_font_weight_tablet":"","ocean_menu_typo_font_weight_mobile":"","ocean_menu_typo_transform":"","ocean_menu_typo_transform_tablet":"","ocean_menu_typo_transform_mobile":"","ocean_menu_typo_line_height":0,"ocean_menu_typo_line_height_tablet":0,"ocean_menu_typo_line_height_mobile":0,"ocean_menu_typo_line_height_unit":"","ocean_menu_typo_spacing":0,"ocean_menu_typo_spacing_tablet":0,"ocean_menu_typo_spacing_mobile":0,"ocean_menu_typo_spacing_unit":"","ocean_menu_link_color":"","ocean_menu_link_color_hover":"","ocean_menu_link_color_active":"","ocean_menu_link_background":"","ocean_menu_link_hover_background":"","ocean_menu_link_active_background":"","ocean_menu_social_links_bg":"","ocean_menu_social_hover_links_bg":"","ocean_menu_social_links_color":"","ocean_menu_social_hover_links_color":"","ocean_disable_title":"default","ocean_disable_heading":"default","ocean_post_title":"","ocean_post_subheading":"","ocean_post_title_style":"","ocean_post_title_background_color":"","ocean_post_title_background":0,"ocean_post_title_bg_image_position":"","ocean_post_title_bg_image_attachment":"","ocean_post_title_bg_image_repeat":"","ocean_post_title_bg_image_size":"","ocean_post_title_height":0,"ocean_post_title_bg_overlay":0.5,"ocean_post_title_bg_overlay_color":"","ocean_disable_breadcrumbs":"default","ocean_breadcrumbs_color":"","ocean_breadcrumbs_separator_color":"","ocean_breadcrumbs_links_color":"","ocean_breadcrumbs_links_hover_color":"","ocean_display_footer_widgets":"default","ocean_display_footer_bottom":"default","ocean_custom_footer_template":""},"class_list":{"0":"post-1746","1":"product","2":"type-product","3":"status-publish","4":"has-post-thumbnail","6":"product_cat-dich-vu-san-pham-trong-tam","8":"entry","9":"has-media","11":"first","12":"instock","13":"shipping-taxable","14":"product-type-simple","15":"has-product-nav","16":"col","17":"span_1_of_3","18":"owp-content-center","19":"owp-thumbs-layout-horizontal","20":"owp-btn-normal","21":"owp-tabs-layout-horizontal","22":"has-no-thumbnails"},"yoast_head":"<!-- This site is optimized with the Yoast SEO plugin v14.0.4 - https:\/\/yoast.com\/wordpress\/plugins\/seo\/ -->\n<title>Combo 100 h\u1ed9p carton 3 l\u1edbp - halavietnam<\/title>\n<meta name=\"robots\" content=\"index, follow\" \/>\n<meta name=\"googlebot\" content=\"index, follow, max-snippet:-1, max-image-preview:large, max-video-preview:-1\" \/>\n<meta name=\"bingbot\" content=\"index, follow, max-snippet:-1, max-image-preview:large, max-video-preview:-1\" \/>\n<link rel=\"canonical\" href=\"http:\/\/halavietnam.com.vn\/?product=combo-100-hop-carton-3-lop\" \/>\n<meta property=\"og:locale\" content=\"vi_VN\" \/>\n<meta property=\"og:type\" content=\"article\" \/>\n<meta property=\"og:title\" content=\"Combo 100 h\u1ed9p carton 3 l\u1edbp - halavietnam\" \/>\n<meta property=\"og:description\" content=\"1. Th\u00f4ng s\u1ed1 k\u1ef9 thu\u1eadt \u2022 B\u1ed9 s\u1ea3n ph\u1ea9m bao g\u1ed3m: Combo 100 h\u1ed9p carton 3 l\u1edbp \u2022 Quy c\u00e1ch : 25x25x10 cm \u2022 Ch\u1ea5t li\u1ec7u: carton s\u00f3ng B 3 l\u1edbp \u2022 C\u00f4ng d\u1ee5ng: H\u1ed9p gi\u1ea5y carton \u0111\u00f3ng g\u00f3i c\u00e1c s\u1ea3n ph\u1ea9m H\u1ed9p \u0111\u1ef1ng \u0111a d\u1ee5ng, cho nhi\u1ec1u lo\u1ea1i s\u1ea3n ph\u1ea9m S\u1ea3n ph\u1ea9m c\u00f3 h\u1ed9p [&hellip;]\" \/>\n<meta property=\"og:url\" content=\"http:\/\/halavietnam.com.vn\/?product=combo-100-hop-carton-3-lop\" \/>\n<meta property=\"og:site_name\" content=\"halavietnam\" \/>\n<meta property=\"article:modified_time\" content=\"2025-08-24T12:38:31+00:00\" \/>\n<meta property=\"og:image\" content=\"http:\/\/halavietnam.com.vn\/wp-content\/uploads\/2021\/06\/dia-chi-mua-thung-carton-61.jpg\" \/>\n\t<meta property=\"og:image:width\" content=\"1280\" \/>\n\t<meta property=\"og:image:height\" content=\"754\" \/>\n<meta name=\"twitter:card\" content=\"summary_large_image\" \/>\n<!-- \/ Yoast SEO plugin. -->","_links":{"self":[{"href":"https:\/\/halavietnam.com.vn\/index.php?rest_route=\/wp\/v2\/product\/1746","targetHints":{"allow":["GET"]}}],"collection":[{"href":"https:\/\/halavietnam.com.vn\/index.php?rest_route=\/wp\/v2\/product"}],"about":[{"href":"https:\/\/halavietnam.com.vn\/index.php?rest_route=\/wp\/v2\/types\/product"}],"replies":[{"embeddable":true,"href":"https:\/\/halavietnam.com.vn\/index.php?rest_route=%2Fwp%2Fv2%2Fcomments&post=1746"}],"wp:featuredmedia":[{"embeddable":true,"href":"https:\/\/halavietnam.com.vn\/index.php?rest_route=\/wp\/v2\/media\/1727"}],"wp:attachment":[{"href":"https:\/\/halavietnam.com.vn\/index.php?rest_route=%2Fwp%2Fv2%2Fmedia&parent=1746"}],"curies":[{"name":"wp","href":"https:\/\/api.w.org\/{rel}","templated":true}]}}