{"id":510,"date":"2019-03-06T08:02:47","date_gmt":"2019-03-06T08:02:47","guid":{"rendered":"http:\/\/thegioibosch.com.vn\/?page_id=510"},"modified":"2023-05-31T04:04:08","modified_gmt":"2023-05-31T04:04:08","slug":"lien-he","status":"publish","type":"page","link":"https:\/\/halavietnam.com.vn\/?page_id=510","title":{"rendered":"Li\u00ean h\u1ec7"},"content":{"rendered":"<p>[row]<\/p>\n<p>[col span=&#8221;6&#8243; span__sm=&#8221;12&#8243;]<\/p>\n<div id=\"toc_container\" class=\"no_bullets\"><p class=\"toc_title\">Contents<\/p><ul class=\"toc_list\"><li><a href=\"#Lien_He\"><span class=\"toc_number toc_depth_1\">1<\/span> Li\u00ean H\u1ec7<\/a><ul><li><ul><li><a href=\"#CONG_TY_CO_PHAN_HALA_VIET_NAM\"><span class=\"toc_number toc_depth_3\">1.0.1<\/span> C\u00d4NG TY C\u1ed4 PH\u1ea6N HALA VI\u1ec6T NAM<\/a><\/li><\/ul><\/li><\/ul><\/li><\/ul><\/div>\n<h2><span id=\"Lien_He\">Li\u00ean H\u1ec7<\/span><\/h2>\n<h4><span id=\"CONG_TY_CO_PHAN_HALA_VIET_NAM\">C\u00d4NG TY C\u1ed4 PH\u1ea6N HALA VI\u1ec6T NAM<\/span><\/h4>\n<p>L\u00f4 CN03 C\u1ee5m C\u00f4ng Nghi\u1ec7p S\u1ed1 3, Thu\u1eadn Th\u00e0nh, Ph\u1ed5 Y\u00ean, Th\u00e1i Nguy\u00ean<\/p>\n<p>Hotline: 0987 291 070<\/p>\n<p>Email: : <a class=\"text-is-email\" href=\"mailto:halakinhdoanh@gmail.com\" target=\"_blank\" rel=\"noopener\">halakinhdoanh@gmail.com<\/a><\/p>\n<p>[\/col]<br \/>\n[col span=&#8221;6&#8243; span__sm=&#8221;12&#8243;]<\/p>\n<div role=\"form\" class=\"wpcf7\" id=\"wpcf7-f6-o1\" lang=\"vi\" dir=\"ltr\">\n<div class=\"screen-reader-response\" aria-live=\"polite\"><\/div>\n<form action=\"\/index.php?rest_route=%2Fwp%2Fv2%2Fpages%2F510#wpcf7-f6-o1\" method=\"post\" class=\"wpcf7-form\" novalidate=\"novalidate\">\n<div style=\"display: none;\">\n<input type=\"hidden\" name=\"_wpcf7\" value=\"6\" \/>\n<input type=\"hidden\" name=\"_wpcf7_version\" value=\"5.1.9\" \/>\n<input type=\"hidden\" name=\"_wpcf7_locale\" value=\"vi\" \/>\n<input type=\"hidden\" name=\"_wpcf7_unit_tag\" value=\"wpcf7-f6-o1\" \/>\n<input type=\"hidden\" name=\"_wpcf7_container_post\" value=\"0\" \/>\n<\/div>\n<p><label> H\u1ecd t\u00ean<br \/>\n    <span class=\"wpcf7-form-control-wrap your-name\"><input type=\"text\" name=\"your-name\" value=\"\" size=\"40\" class=\"wpcf7-form-control wpcf7-text wpcf7-validates-as-required\" aria-required=\"true\" aria-invalid=\"false\" \/><\/span> <\/label><\/p>\n<p><label> Email<br \/>\n    <span class=\"wpcf7-form-control-wrap your-email\"><input type=\"email\" name=\"your-email\" value=\"\" size=\"40\" class=\"wpcf7-form-control wpcf7-text wpcf7-email wpcf7-validates-as-required wpcf7-validates-as-email\" aria-required=\"true\" aria-invalid=\"false\" \/><\/span> <\/label><\/p>\n<p><label> N\u1ed9i dung<br \/>\n    <span class=\"wpcf7-form-control-wrap your-message\"><textarea name=\"your-message\" cols=\"40\" rows=\"10\" class=\"wpcf7-form-control wpcf7-textarea\" aria-invalid=\"false\"><\/textarea><\/span> <\/label><\/p>\n<p><input type=\"submit\" value=\"G\u1eedi\" class=\"wpcf7-form-control wpcf7-submit\" \/><\/p>\n<div class=\"wpcf7-response-output wpcf7-display-none\" aria-hidden=\"true\"><\/div><\/form><\/div>\n<p>[\/col]<\/p>\n<p>[\/row]<\/p>\n","protected":false},"excerpt":{"rendered":"<p>[row] [col span=&#8221;6&#8243; span__sm=&#8221;12&#8243;] Contents1 Li\u00ean H\u1ec71.0.1 C\u00d4NG TY C\u1ed4 PH\u1ea6N HALA VI\u1ec6T NAM Li\u00ean H\u1ec7 C\u00d4NG TY C\u1ed4 PH\u1ea6N HALA VI\u1ec6T NAM L\u00f4 CN03 C\u1ee5m C\u00f4ng Nghi\u1ec7p S\u1ed1 3, Thu\u1eadn Th\u00e0nh, Ph\u1ed5 Y\u00ean, Th\u00e1i Nguy\u00ean Hotline: 0987 291 070 Email: : halakinhdoanh@gmail.com [\/col] [col span=&#8221;6&#8243; span__sm=&#8221;12&#8243;] [\/col] [\/row]<\/p>\n","protected":false},"author":1,"featured_media":0,"parent":0,"menu_order":0,"comment_status":"closed","ping_status":"closed","template":"","meta":{"footnotes":""},"class_list":["post-510","page","type-page","status-publish","hentry","entry","owp-thumbs-layout-horizontal","owp-btn-normal","owp-tabs-layout-horizontal","has-no-thumbnails","has-product-nav"],"yoast_head":"<!-- This site is optimized with the Yoast SEO plugin v14.0.4 - https:\/\/yoast.com\/wordpress\/plugins\/seo\/ -->\n<title>Li\u00ean h\u1ec7 - halavietnam<\/title>\n<meta name=\"robots\" content=\"index, follow\" \/>\n<meta name=\"googlebot\" content=\"index, follow, max-snippet:-1, max-image-preview:large, max-video-preview:-1\" \/>\n<meta name=\"bingbot\" content=\"index, follow, max-snippet:-1, max-image-preview:large, max-video-preview:-1\" \/>\n<link rel=\"canonical\" href=\"http:\/\/halavietnam.com.vn\/?page_id=510\" \/>\n<meta property=\"og:locale\" content=\"vi_VN\" \/>\n<meta property=\"og:type\" content=\"article\" \/>\n<meta property=\"og:title\" content=\"Li\u00ean h\u1ec7 - halavietnam\" \/>\n<meta property=\"og:description\" content=\"[row] [col span=&#8221;6&#8243; span__sm=&#8221;12&#8243;] Contents1 Li\u00ean H\u1ec71.0.1 C\u00d4NG TY C\u1ed4 PH\u1ea6N HALA VI\u1ec6T NAM Li\u00ean H\u1ec7 C\u00d4NG TY C\u1ed4 PH\u1ea6N HALA VI\u1ec6T NAM L\u00f4 CN03 C\u1ee5m C\u00f4ng Nghi\u1ec7p S\u1ed1 3, Thu\u1eadn Th\u00e0nh, Ph\u1ed5 Y\u00ean, Th\u00e1i Nguy\u00ean Hotline: 0987 291 070 Email: : halakinhdoanh@gmail.com [\/col] [col span=&#8221;6&#8243; span__sm=&#8221;12&#8243;] [\/col] [\/row]\" \/>\n<meta property=\"og:url\" content=\"http:\/\/halavietnam.com.vn\/?page_id=510\" \/>\n<meta property=\"og:site_name\" content=\"halavietnam\" \/>\n<meta property=\"article:modified_time\" content=\"2023-05-31T04:04:08+00:00\" \/>\n<meta name=\"twitter:card\" content=\"summary_large_image\" \/>\n<!-- \/ Yoast SEO plugin. -->","_links":{"self":[{"href":"https:\/\/halavietnam.com.vn\/index.php?rest_route=\/wp\/v2\/pages\/510","targetHints":{"allow":["GET"]}}],"collection":[{"href":"https:\/\/halavietnam.com.vn\/index.php?rest_route=\/wp\/v2\/pages"}],"about":[{"href":"https:\/\/halavietnam.com.vn\/index.php?rest_route=\/wp\/v2\/types\/page"}],"author":[{"embeddable":true,"href":"https:\/\/halavietnam.com.vn\/index.php?rest_route=\/wp\/v2\/users\/1"}],"replies":[{"embeddable":true,"href":"https:\/\/halavietnam.com.vn\/index.php?rest_route=%2Fwp%2Fv2%2Fcomments&post=510"}],"version-history":[{"count":9,"href":"https:\/\/halavietnam.com.vn\/index.php?rest_route=\/wp\/v2\/pages\/510\/revisions"}],"predecessor-version":[{"id":1837,"href":"https:\/\/halavietnam.com.vn\/index.php?rest_route=\/wp\/v2\/pages\/510\/revisions\/1837"}],"wp:attachment":[{"href":"https:\/\/halavietnam.com.vn\/index.php?rest_route=%2Fwp%2Fv2%2Fmedia&parent=510"}],"curies":[{"name":"wp","href":"https:\/\/api.w.org\/{rel}","templated":true}]}}